{"id":68,"date":"2024-01-21T12:31:01","date_gmt":"2024-01-21T11:31:01","guid":{"rendered":"https:\/\/laperf-detailing.fr\/?page_id=68"},"modified":"2024-02-03T18:43:31","modified_gmt":"2024-02-03T17:43:31","slug":"les-prestations-la-perf-detailing","status":"publish","type":"page","link":"https:\/\/laperf-detailing.fr\/?page_id=68","title":{"rendered":"Les pr\u00e9stations &#8211; La Perf Detailing"},"content":{"rendered":"\t\t<div data-elementor-type=\"wp-page\" data-elementor-id=\"68\" class=\"elementor elementor-68\">\n\t\t\t\t\t\t\t<div class=\"elementor-element elementor-element-3c8ec8a e-con-full e-flex e-con e-parent\" data-id=\"3c8ec8a\" data-element_type=\"container\" data-settings=\"{&quot;content_width&quot;:&quot;full&quot;,&quot;background_background&quot;:&quot;classic&quot;}\" data-core-v316-plus=\"true\">\n\t\t\t\t<div class=\"elementor-element elementor-element-169cfe0 elementor-widget elementor-widget-heading\" data-id=\"169cfe0\" data-element_type=\"widget\" data-widget_type=\"heading.default\">\n\t\t\t\t<div class=\"elementor-widget-container\">\n\t\t\t<style>\/*! elementor - v3.18.0 - 20-12-2023 *\/\n.elementor-heading-title{padding:0;margin:0;line-height:1}.elementor-widget-heading .elementor-heading-title[class*=elementor-size-]>a{color:inherit;font-size:inherit;line-height:inherit}.elementor-widget-heading .elementor-heading-title.elementor-size-small{font-size:15px}.elementor-widget-heading .elementor-heading-title.elementor-size-medium{font-size:19px}.elementor-widget-heading .elementor-heading-title.elementor-size-large{font-size:29px}.elementor-widget-heading .elementor-heading-title.elementor-size-xl{font-size:39px}.elementor-widget-heading .elementor-heading-title.elementor-size-xxl{font-size:59px}<\/style><h2 class=\"elementor-heading-title elementor-size-xxl\">Nos Prestations<\/h2>\t\t<\/div>\n\t\t\t\t<\/div>\n\t\t\t\t<\/div>\n\t\t<div class=\"elementor-element elementor-element-ac9198e e-flex e-con-boxed e-con e-parent\" data-id=\"ac9198e\" data-element_type=\"container\" data-settings=\"{&quot;background_background&quot;:&quot;classic&quot;,&quot;content_width&quot;:&quot;boxed&quot;}\" data-core-v316-plus=\"true\">\n\t\t\t\t\t<div class=\"e-con-inner\">\n\t\t<div class=\"elementor-element elementor-element-530ea9b e-con-full e-flex e-con e-child\" data-id=\"530ea9b\" data-element_type=\"container\" data-settings=\"{&quot;content_width&quot;:&quot;full&quot;}\">\n\t\t\t\t<div class=\"elementor-element elementor-element-6d2f9f7 elementor-widget elementor-widget-heading\" data-id=\"6d2f9f7\" data-element_type=\"widget\" data-widget_type=\"heading.default\">\n\t\t\t\t<div class=\"elementor-widget-container\">\n\t\t\t<h2 class=\"elementor-heading-title elementor-size-xl\">Polissage - lustrage<\/h2>\t\t<\/div>\n\t\t\t\t<\/div>\n\t\t\t\t<div class=\"elementor-element elementor-element-a873357 elementor-widget elementor-widget-text-editor\" data-id=\"a873357\" data-element_type=\"widget\" data-widget_type=\"text-editor.default\">\n\t\t\t\t<div class=\"elementor-widget-container\">\n\t\t\t<style>\/*! elementor - v3.18.0 - 20-12-2023 *\/\n.elementor-widget-text-editor.elementor-drop-cap-view-stacked .elementor-drop-cap{background-color:#69727d;color:#fff}.elementor-widget-text-editor.elementor-drop-cap-view-framed .elementor-drop-cap{color:#69727d;border:3px solid;background-color:transparent}.elementor-widget-text-editor:not(.elementor-drop-cap-view-default) .elementor-drop-cap{margin-top:8px}.elementor-widget-text-editor:not(.elementor-drop-cap-view-default) .elementor-drop-cap-letter{width:1em;height:1em}.elementor-widget-text-editor .elementor-drop-cap{float:left;text-align:center;line-height:1;font-size:50px}.elementor-widget-text-editor .elementor-drop-cap-letter{display:inline-block}<\/style>\t\t\t\t<p>Offrez \u00e0 votre voiture le traitement qu&rsquo;elle m\u00e9rite avec La Perf Detailing, les experts du polissage et du lustrage automobile. Notre \u00e9quipe de passionn\u00e9s allie savoir-faire technique et produits haut de gamme pour redonner \u00e0 votre v\u00e9hicule son \u00e9clat d&rsquo;origine. Du polissage minutieux pour \u00e9liminer les imperfections \u00e0 un lustrage soign\u00e9 pour une brillance \u00e9blouissante, nous nous engageons \u00e0 d\u00e9passer vos attentes.<\/p>\t\t\t\t\t\t<\/div>\n\t\t\t\t<\/div>\n\t\t\t\t<\/div>\n\t\t<div class=\"elementor-element elementor-element-ce38f66 e-con-full e-flex e-con e-child\" data-id=\"ce38f66\" data-element_type=\"container\" data-settings=\"{&quot;content_width&quot;:&quot;full&quot;}\">\n\t\t\t\t<div class=\"elementor-element elementor-element-4dd2a90 elementor-widget elementor-widget-heading\" data-id=\"4dd2a90\" data-element_type=\"widget\" data-widget_type=\"heading.default\">\n\t\t\t\t<div class=\"elementor-widget-container\">\n\t\t\t<h2 class=\"elementor-heading-title elementor-size-xl\">Car Staging<\/h2>\t\t<\/div>\n\t\t\t\t<\/div>\n\t\t\t\t<div class=\"elementor-element elementor-element-228aed8 elementor-widget elementor-widget-text-editor\" data-id=\"228aed8\" data-element_type=\"widget\" data-widget_type=\"text-editor.default\">\n\t\t\t\t<div class=\"elementor-widget-container\">\n\t\t\t\t\t\t\t<p>Chez La Perf Detailing, nous transcendons l&rsquo;art du detailing automobile gr\u00e2ce \u00e0 notre service exclusif de \u00ab\u00a0car staging\u00a0\u00bb. En combinant des techniques de nettoyage de pr\u00e9cision, de polissage m\u00e9ticuleux et de finitions protectrices haut de gamme, nous pr\u00e9parons votre voiture non seulement \u00e0 briller de son plus bel \u00e9clat, mais \u00e9galement \u00e0 captiver l&rsquo;attention sur chaque photo et dans chaque showroom. Le \u00ab\u00a0car staging\u00a0\u00bb chez La Perf Detailing, c&rsquo;est l&rsquo;assurance d&rsquo;une mise en valeur experte de votre automobile. Faites le choix de l&rsquo;excellence pour que votre v\u00e9hicule soit remarqu\u00e9 et appr\u00e9ci\u00e9 \u00e0 sa juste valeur.<\/p>\t\t\t\t\t\t<\/div>\n\t\t\t\t<\/div>\n\t\t\t\t<\/div>\n\t\t\t\t\t<\/div>\n\t\t\t\t<\/div>\n\t\t<div class=\"elementor-element elementor-element-6d3b2d4 e-flex e-con-boxed e-con e-parent\" data-id=\"6d3b2d4\" data-element_type=\"container\" data-settings=\"{&quot;background_background&quot;:&quot;classic&quot;,&quot;content_width&quot;:&quot;boxed&quot;}\" data-core-v316-plus=\"true\">\n\t\t\t\t\t<div class=\"e-con-inner\">\n\t\t<div class=\"elementor-element elementor-element-d09b201 e-con-full e-flex e-con e-child\" data-id=\"d09b201\" data-element_type=\"container\" data-settings=\"{&quot;content_width&quot;:&quot;full&quot;}\">\n\t\t\t\t<div class=\"elementor-element elementor-element-399f1fb elementor-widget elementor-widget-heading\" data-id=\"399f1fb\" data-element_type=\"widget\" data-widget_type=\"heading.default\">\n\t\t\t\t<div class=\"elementor-widget-container\">\n\t\t\t<h2 class=\"elementor-heading-title elementor-size-xl\">Pr\u00e9paration \u00e0 la vente<\/h2>\t\t<\/div>\n\t\t\t\t<\/div>\n\t\t\t\t<div class=\"elementor-element elementor-element-72144a1 elementor-widget elementor-widget-text-editor\" data-id=\"72144a1\" data-element_type=\"widget\" data-widget_type=\"text-editor.default\">\n\t\t\t\t<div class=\"elementor-widget-container\">\n\t\t\t\t\t\t\t<p>Offrez \u00e0 votre voiture le traitement qu&rsquo;elle m\u00e9rite avant de la mettre sur le march\u00e9 avec La Perf Detailing. Notre service de pr\u00e9paration \u00e0 la vente va bien au-del\u00e0 d&rsquo;un simple nettoyage. Nous mettons en \u0153uvre une expertise approfondie en detailing automobile pour redonner \u00e0 votre v\u00e9hicule son \u00e9clat d&rsquo;origine. Des techniques de polissage professionnelles \u00e9liminent les imperfections, tandis que notre attention m\u00e9ticuleuse aux d\u00e9tails assure un int\u00e9rieur impeccable. Gr\u00e2ce \u00e0 notre service de pr\u00e9paration \u00e0 la vente, votre voiture attirera l&rsquo;attention des acheteurs potentiels, maximisant ainsi sa valeur sur le march\u00e9.<\/p><p>Choisissez La Perf Detailing pour une pr\u00e9sentation irr\u00e9prochable et une vente r\u00e9ussie.<\/p>\t\t\t\t\t\t<\/div>\n\t\t\t\t<\/div>\n\t\t\t\t<\/div>\n\t\t<div class=\"elementor-element elementor-element-7d03f58 e-con-full e-flex e-con e-child\" data-id=\"7d03f58\" data-element_type=\"container\" data-settings=\"{&quot;content_width&quot;:&quot;full&quot;}\">\n\t\t\t\t<div class=\"elementor-element elementor-element-20366b4 elementor-widget elementor-widget-heading\" data-id=\"20366b4\" data-element_type=\"widget\" data-widget_type=\"heading.default\">\n\t\t\t\t<div class=\"elementor-widget-container\">\n\t\t\t<h2 class=\"elementor-heading-title elementor-size-xl\">Nettoyage int\u00e9rieur \/ ext\u00e9rieur<\/h2>\t\t<\/div>\n\t\t\t\t<\/div>\n\t\t\t\t<div class=\"elementor-element elementor-element-3ac796f elementor-widget elementor-widget-text-editor\" data-id=\"3ac796f\" data-element_type=\"widget\" data-widget_type=\"text-editor.default\">\n\t\t\t\t<div class=\"elementor-widget-container\">\n\t\t\t\t\t\t\t<p>Offrez \u00e0 votre v\u00e9hicule le soin qu&rsquo;il m\u00e9rite avec La Perf Detailing. Notre service de nettoyage int\u00e9rieur \/ ext\u00e9rieur redonne vie \u00e0 votre voiture, alliant expertise et passion pour le detailing automobile. De l&rsquo;int\u00e9rieur flambant neuf, d\u00e9barrass\u00e9 de la salet\u00e9 et des allerg\u00e8nes, \u00e0 l&rsquo;ext\u00e9rieur \u00e9clatant apr\u00e8s un lavage professionnel et une protection de la carrosserie, chaque d\u00e9tail compte. Nous utilisons des techniques de pointe et des produits de qualit\u00e9 pour garantir un r\u00e9sultat exceptionnel. Confiez-nous votre voiture, et d\u00e9couvrez la diff\u00e9rence d&rsquo;un nettoyage minutieux et complet chez La Perf Detailing.<\/p>\t\t\t\t\t\t<\/div>\n\t\t\t\t<\/div>\n\t\t\t\t<\/div>\n\t\t\t\t\t<\/div>\n\t\t\t\t<\/div>\n\t\t<div class=\"elementor-element elementor-element-8b70527 e-flex e-con-boxed e-con e-parent\" data-id=\"8b70527\" data-element_type=\"container\" data-settings=\"{&quot;background_background&quot;:&quot;classic&quot;,&quot;content_width&quot;:&quot;boxed&quot;}\" data-core-v316-plus=\"true\">\n\t\t\t\t\t<div class=\"e-con-inner\">\n\t\t\t\t<div class=\"elementor-element elementor-element-c1c3117 elementor-widget elementor-widget-heading\" data-id=\"c1c3117\" data-element_type=\"widget\" data-widget_type=\"heading.default\">\n\t\t\t\t<div class=\"elementor-widget-container\">\n\t\t\t<h2 class=\"elementor-heading-title elementor-size-xl\">Pose de protection cire ou c\u00e9ramique<\/h2>\t\t<\/div>\n\t\t\t\t<\/div>\n\t\t\t\t<div class=\"elementor-element elementor-element-7a93f92 elementor-widget elementor-widget-text-editor\" data-id=\"7a93f92\" data-element_type=\"widget\" data-widget_type=\"text-editor.default\">\n\t\t\t\t<div class=\"elementor-widget-container\">\n\t\t\t\t\t\t\t<p style=\"text-align: center;\">\u00c0 La Perf Detailing, nous \u00e9levons le standard du detailing automobile avec notre service sp\u00e9cialis\u00e9 en \u00ab\u00a0Pose de protection cire ou c\u00e9ramique\u00a0\u00bb, une prestation sur mesure destin\u00e9e \u00e0 offrir \u00e0 votre v\u00e9hicule une armure de longue dur\u00e9e contre les agressions ext\u00e9rieures. Notre expertise en application de protections c\u00e9ramiques avanc\u00e9es assure \u00e0 votre voiture une brillance exceptionnelle, une r\u00e9sistance accrue aux rayures, aux produits chimiques, \u00e0 l&rsquo;eau et aux UV, prolongeant ainsi sa beaut\u00e9 et sa valeur au fil du temps. En choisissant La Perf Detailing pour la pose de protection c\u00e9ramique, vous optez pour une solution de pr\u00e9servation automobile de premier choix, con\u00e7ue pour maximiser l&rsquo;esth\u00e9tique et la durabilit\u00e9 de votre v\u00e9hicule.<\/p>\t\t\t\t\t\t<\/div>\n\t\t\t\t<\/div>\n\t\t\t\t\t<\/div>\n\t\t\t\t<\/div>\n\t\t<div class=\"elementor-element elementor-element-3e6e705 e-flex e-con-boxed e-con e-parent\" data-id=\"3e6e705\" data-element_type=\"container\" data-settings=\"{&quot;background_background&quot;:&quot;classic&quot;,&quot;content_width&quot;:&quot;boxed&quot;}\" data-core-v316-plus=\"true\">\n\t\t\t\t\t<div class=\"e-con-inner\">\n\t\t\t\t<div class=\"elementor-element elementor-element-5d8e7b8 elementor-cta--skin-classic elementor-animated-content elementor-bg-transform elementor-bg-transform-zoom-in elementor-widget elementor-widget-call-to-action\" data-id=\"5d8e7b8\" data-element_type=\"widget\" data-widget_type=\"call-to-action.default\">\n\t\t\t\t<div class=\"elementor-widget-container\">\n\t\t\t<link rel=\"stylesheet\" href=\"https:\/\/laperf-detailing.fr\/wp-content\/plugins\/pro-elements\/assets\/css\/widget-call-to-action.min.css\">\t\t<div class=\"elementor-cta\">\n\t\t\t\t\t<div class=\"elementor-cta__bg-wrapper\">\n\t\t\t\t<div class=\"elementor-cta__bg elementor-bg\" style=\"background-image: url(https:\/\/laperf-detailing.fr\/wp-content\/uploads\/2024\/01\/2-1024x546.jpg);\"><\/div>\n\t\t\t\t<div class=\"elementor-cta__bg-overlay\"><\/div>\n\t\t\t<\/div>\n\t\t\t\t\t\t\t<div class=\"elementor-cta__content\">\n\t\t\t\t\n\t\t\t\t<h2 class=\"elementor-cta__title elementor-cta__content-item elementor-content-item\">Demandez votre Devis !<\/h2>\n\t\t\t\t\t\t\t\t\t<div class=\"elementor-cta__description elementor-cta__content-item elementor-content-item\">\n\t\t\t\t\t\tN'h\u00e9sitez pas \u00e0 nous contacter pour plus d'informations !\t\t\t\t\t<\/div>\n\t\t\t\t\n\t\t\t\t\t\t\t\t\t<div class=\"elementor-cta__button-wrapper elementor-cta__content-item elementor-content-item \">\n\t\t\t\t\t<a class=\"elementor-cta__button elementor-button elementor-size-md\">\n\t\t\t\t\t\tDemander mon devis\t\t\t\t\t<\/a>\n\t\t\t\t\t<\/div>\n\t\t\t\t\t\t\t<\/div>\n\t\t\t\t\t\t<\/div>\n\t\t\t\t<\/div>\n\t\t\t\t<\/div>\n\t\t\t\t\t<\/div>\n\t\t\t\t<\/div>\n\t\t\t\t\t\t\t<\/div>\n\t\t","protected":false},"excerpt":{"rendered":"<p>Nos Prestations Polissage &#8211; lustrage Offrez \u00e0 votre voiture le traitement qu&rsquo;elle m\u00e9rite avec La Perf Detailing, les experts du polissage et du lustrage automobile. Notre \u00e9quipe de passionn\u00e9s allie savoir-faire technique et produits haut de gamme pour redonner \u00e0 votre v\u00e9hicule son \u00e9clat d&rsquo;origine. Du polissage minutieux pour \u00e9liminer les imperfections \u00e0 un lustrage [&hellip;]<\/p>\n","protected":false},"author":1,"featured_media":0,"parent":0,"menu_order":0,"comment_status":"closed","ping_status":"closed","template":"","meta":{"om_disable_all_campaigns":false,"_monsterinsights_skip_tracking":false,"_monsterinsights_sitenote_active":false,"_monsterinsights_sitenote_note":"","_monsterinsights_sitenote_category":0,"footnotes":""},"aioseo_notices":[],"_links":{"self":[{"href":"https:\/\/laperf-detailing.fr\/index.php?rest_route=\/wp\/v2\/pages\/68"}],"collection":[{"href":"https:\/\/laperf-detailing.fr\/index.php?rest_route=\/wp\/v2\/pages"}],"about":[{"href":"https:\/\/laperf-detailing.fr\/index.php?rest_route=\/wp\/v2\/types\/page"}],"author":[{"embeddable":true,"href":"https:\/\/laperf-detailing.fr\/index.php?rest_route=\/wp\/v2\/users\/1"}],"replies":[{"embeddable":true,"href":"https:\/\/laperf-detailing.fr\/index.php?rest_route=%2Fwp%2Fv2%2Fcomments&post=68"}],"version-history":[{"count":40,"href":"https:\/\/laperf-detailing.fr\/index.php?rest_route=\/wp\/v2\/pages\/68\/revisions"}],"predecessor-version":[{"id":215,"href":"https:\/\/laperf-detailing.fr\/index.php?rest_route=\/wp\/v2\/pages\/68\/revisions\/215"}],"wp:attachment":[{"href":"https:\/\/laperf-detailing.fr\/index.php?rest_route=%2Fwp%2Fv2%2Fmedia&parent=68"}],"curies":[{"name":"wp","href":"https:\/\/api.w.org\/{rel}","templated":true}]}}